{"id":957,"date":"2020-10-13T16:06:14","date_gmt":"2020-10-13T16:06:14","guid":{"rendered":"https:\/\/construcoespadrao.pt\/portfolio\/"},"modified":"2020-12-23T14:59:40","modified_gmt":"2020-12-23T14:59:40","slug":"portfolio","status":"publish","type":"page","link":"https:\/\/construcoespadrao.pt\/en\/portfolio\/","title":{"rendered":"Portfolio"},"content":{"rendered":"<div class=\"wpb-content-wrapper\"><p>[vc_row row_type=&#8221;row&#8221; use_row_as_full_screen_section=&#8221;no&#8221; type=&#8221;full_width&#8221; text_align=&#8221;left&#8221; background_animation=&#8221;none&#8221; css_animation=&#8221;&#8221; css=&#8221;.vc_custom_1608721220246{padding-top: 50px !important;}&#8221;][vc_column]<div class=\"custom_font_holder\" style=\"font-family: open sans; font-size: 15px; line-height: 26px; font-weight: 300; text-decoration: none; text-align: left;\"><span><\/p>\n<p style=\"font-size: 30px; text-align: center;\"><span style=\"color: #999999;\">P O R T F O L I O<\/span><\/p>\n<p><\/span><\/div>[vc_empty_space][vc_column_text]<\/p>\n<p style=\"text-align: center;\">Talk to us visit our luxury villas, call: +351 919 311 514<\/p>\n<p style=\"text-align: center;\">Our mission is to build houses with the highest standards of quality, luxury and sophistication.<\/p>\n<p style=\"text-align: center;\">We want to be a national reference in housing construction.<\/p>\n<p>[\/vc_column_text][vc_empty_space][vc_row_inner row_type=&#8221;row&#8221; type=&#8221;full_width&#8221; use_row_as_full_screen_section_slide=&#8221;no&#8221; text_align=&#8221;left&#8221; css_animation=&#8221;&#8221;][vc_column_inner width=&#8221;1\/2&#8243;]<div class='image_hover ' style='' data-transition-delay=''><div class='images_holder'><a href='https:\/\/construcoespadrao.pt\/en\/single-houses-alcochete\/' target='_self'><img class='active_image ' src='https:\/\/construcoespadrao.pt\/wp-content\/uploads\/2020\/12\/moradias-unifamiliares-alcochete-ENG.jpg' alt='moradias unifamiliares em alcochete' style='' \/><img class='hover_image' src='https:\/\/construcoespadrao.pt\/wp-content\/uploads\/2020\/12\/moradias-unifamiliares-alcochete-ENG-2.jpg' alt='moradias unifamiliares em alcochete' style='' \/><\/a><\/div><\/div>[\/vc_column_inner][vc_column_inner width=&#8221;1\/2&#8243;]<div class='image_hover ' style='' data-transition-delay=''><div class='images_holder'><a href='https:\/\/construcoespadrao.pt\/en\/condominium-ii-sao-francisco-alcochete\/' target='_self'><img class='active_image ' src='https:\/\/construcoespadrao.pt\/wp-content\/uploads\/2020\/12\/CONDOMINIIUMii.jpg' alt='condominium ii alcochete' style='' \/><img class='hover_image' src='https:\/\/construcoespadrao.pt\/wp-content\/uploads\/2020\/12\/CONDOMINIUMii2.jpg' alt='condominium ii alcochete' style='' \/><\/a><\/div><\/div>[\/vc_column_inner][\/vc_row_inner][vc_row_inner row_type=&#8221;row&#8221; type=&#8221;full_width&#8221; use_row_as_full_screen_section_slide=&#8221;no&#8221; text_align=&#8221;left&#8221; css_animation=&#8221;&#8221;][vc_column_inner width=&#8221;1\/2&#8243; css=&#8221;.vc_custom_1608721763762{margin-top: -9px !important;background-position: center !important;background-repeat: no-repeat !important;background-size: cover !important;}&#8221;]<div class='image_hover ' style='' data-transition-delay=''><div class='images_holder'><a href='https:\/\/construcoespadrao.pt\/en\/condominium-mar-de-sal-alcochete\/' target='_self'><img class='active_image ' src='https:\/\/construcoespadrao.pt\/wp-content\/uploads\/2020\/12\/CONDOMINIUM-MAR.jpg' alt='condominium mar de sal alcochete' style='' \/><img class='hover_image' src='https:\/\/construcoespadrao.pt\/wp-content\/uploads\/2020\/12\/CONDOMINIUM-MAR-2.jpg' alt='condominium mar de sal alcochete' style='' \/><\/a><\/div><\/div>[\/vc_column_inner][vc_column_inner width=&#8221;1\/2&#8243; css=&#8221;.vc_custom_1608721773573{margin-top: -9px !important;background-position: center !important;background-repeat: no-repeat !important;background-size: cover !important;}&#8221;]<div class='image_hover ' style='' data-transition-delay=''><div class='images_holder'><a href='https:\/\/construcoespadrao.pt\/en\/townhouses-sao-francisco-alcochete\/' target='_self'><img class='active_image ' src='https:\/\/construcoespadrao.pt\/wp-content\/uploads\/2020\/12\/townhouses-alcochete-2.jpg' alt='townhouses alcochete' style='' \/><img class='hover_image' src='https:\/\/construcoespadrao.pt\/wp-content\/uploads\/2020\/12\/townhouses-alcochete.jpg' alt='townhouses alcochete' style='' \/><\/a><\/div><\/div>[\/vc_column_inner][\/vc_row_inner][\/vc_column][\/vc_row][vc_row row_type=&#8221;row&#8221; use_row_as_full_screen_section=&#8221;no&#8221; type=&#8221;full_width&#8221; text_align=&#8221;left&#8221; background_animation=&#8221;none&#8221; css_animation=&#8221;&#8221; css=&#8221;.vc_custom_1608722286841{padding-top: 50px !important;}&#8221;][vc_column]\n\t\t\t<!-- START Slider 1 11 REVOLUTION SLIDER 6.7.29 --><p class=\"rs-p-wp-fix\"><\/p>\n\t\t\t<rs-module-wrap id=\"rev_slider_11_1_wrapper\" data-source=\"gallery\" style=\"visibility:hidden;background:transparent;padding:0;\">\n\t\t\t\t<rs-module id=\"rev_slider_11_1\" style=\"\" data-version=\"6.7.29\">\n\t\t\t\t\t<rs-slides style=\"overflow: hidden; position: absolute;\">\n\t\t\t\t\t\t<rs-slide style=\"position: absolute;\" data-key=\"rs-30\" data-title=\"Slide\" data-in=\"o:0;\" data-out=\"a:false;\">\n\t\t\t\t\t\t\t<img decoding=\"async\" src=\"\/\/construcoespadrao.pt\/wp-content\/plugins\/revslider\/sr6\/assets\/assets\/dummy.png\" alt=\"constru\u00e7\u00f5es padr\u00e3o, empresa de moradias de luxo, Alcochete, Moradias de luxo margem sul\" title=\"construcoes-padrao-condominio-alcochete\" width=\"1920\" height=\"1080\" class=\"rev-slidebg tp-rs-img rs-lazyload\" data-lazyload=\"\/\/construcoespadrao.pt\/wp-content\/uploads\/2020\/10\/construcoes-padrao-condominio-alcochete.jpg\" data-parallax=\"11\" data-no-retina>\n<!--\n\t\t\t\t\t\t\t--><rs-layer\n\t\t\t\t\t\t\t\tid=\"slider-11-slide-30-layer-1\" \n\t\t\t\t\t\t\t\tdata-type=\"text\"\n\t\t\t\t\t\t\t\tdata-color=\"#000000\"\n\t\t\t\t\t\t\t\tdata-xy=\"x:c;y:m;yo:-97px,-53px,-78px,0;\"\n\t\t\t\t\t\t\t\tdata-text=\"w:normal;s:65,52,60,45;l:63,49,61,45;ls:-3,-2,-1,-2;a:inherit;\"\n\t\t\t\t\t\t\t\tdata-dim=\"w:690,561px,542px,419px;h:auto,62px,73px,56px;\"\n\t\t\t\t\t\t\t\tdata-basealign=\"slide\"\n\t\t\t\t\t\t\t\tdata-rsp_bd=\"off\"\n\t\t\t\t\t\t\t\tdata-margin=\"t:10,0,0,0;r:10,0,0,0;b:10,0,0,0;l:10,0,0,0;\"\n\t\t\t\t\t\t\t\tdata-padding=\"t:10,0,0,0;r:10,0,0,0;b:10,0,0,0;l:10,0,0,0;\"\n\t\t\t\t\t\t\t\tdata-border=\"bor:2px,2px,2px,2px;\"\n\t\t\t\t\t\t\t\tdata-frame_0=\"y:-37px,-21px,-16px,-15px;\"\n\t\t\t\t\t\t\t\tdata-frame_1=\"e:Cubic.easeOut;st:50;sp:800;sR:50;\"\n\t\t\t\t\t\t\t\tdata-frame_999=\"o:0;st:w;sR:2650;\"\n\t\t\t\t\t\t\t\tstyle=\"z-index:8;background-color:rgba(255,255,255,0.18);font-family:'Open Sans';\"\n\t\t\t\t\t\t\t><center>Miradouro do Tejo<br>\n<\/center> \n\t\t\t\t\t\t\t<\/rs-layer><!--\n\n\t\t\t\t\t\t\t--><rs-layer\n\t\t\t\t\t\t\t\tid=\"slider-11-slide-30-layer-2\" \n\t\t\t\t\t\t\t\tclass=\"rev-btn\"\n\t\t\t\t\t\t\t\tdata-type=\"button\"\n\t\t\t\t\t\t\t\tdata-rsp_ch=\"on\"\n\t\t\t\t\t\t\t\tdata-xy=\"x:c;yo:452px,328px,492px,430px;\"\n\t\t\t\t\t\t\t\tdata-text=\"w:normal;s:18,18,17,18;l:44,44,42,46;fw:500;\"\n\t\t\t\t\t\t\t\tdata-dim=\"minh:0,none,none,none;\"\n\t\t\t\t\t\t\t\tdata-padding=\"r:18,18,18,20;l:18,18,18,20;\"\n\t\t\t\t\t\t\t\tdata-frame_999=\"o:0;st:w;\"\n\t\t\t\t\t\t\t\tdata-frame_hover=\"c:#000;bgc:#fff;bor:0px,0px,0px,0px;sp:200;e:power1.inOut;\"\n\t\t\t\t\t\t\t\tstyle=\"z-index:9;background-color:rgba(0,0,0,1);font-family:'Roboto';\"\n\t\t\t\t\t\t\t><a href=\"https:\/\/construcoespadrao.pt\/en\/miradouro-do-tejo\/\">SEE THE PROJECT<\/a> \n\t\t\t\t\t\t\t<\/rs-layer><!--\n\n\t\t\t\t\t\t\t--><rs-layer\n\t\t\t\t\t\t\t\tid=\"slider-11-slide-30-layer-3\" \n\t\t\t\t\t\t\t\tdata-type=\"text\"\n\t\t\t\t\t\t\t\tdata-color=\"#000000\"\n\t\t\t\t\t\t\t\tdata-rsp_ch=\"on\"\n\t\t\t\t\t\t\t\tdata-xy=\"x:c;y:m;yo:-18px,5px,-22px,48px;\"\n\t\t\t\t\t\t\t\tdata-text=\"w:normal;s:25,19,26,23;\"\n\t\t\t\t\t\t\t\tdata-frame_999=\"o:0;st:w;\"\n\t\t\t\t\t\t\t\tstyle=\"z-index:10;background-color:rgba(255,255,255,0.18);font-family:'Open Sans';\"\n\t\t\t\t\t\t\t>Luxury, Comfort and Unique \n\t\t\t\t\t\t\t<\/rs-layer><!--\n-->\t\t\t\t\t<\/rs-slide>\n\t\t\t\t\t<\/rs-slides>\n\t\t\t\t<\/rs-module>\n\t\t\t\t<script>\n\t\t\t\t\tsetREVStartSize({c: 'rev_slider_11_1',rl:[1240,1024,778,480],el:[868,600,960,720],gw:[1100,800,778,480],gh:[868,600,960,720],type:'standard',justify:'',layout:'fullscreen',offsetContainer:'.touch .page_header',offset:'',mh:\"0\"});if (window.RS_MODULES!==undefined && window.RS_MODULES.modules!==undefined && window.RS_MODULES.modules[\"revslider111\"]!==undefined) {window.RS_MODULES.modules[\"revslider111\"].once = false;window.revapi11 = undefined;if (window.RS_MODULES.checkMinimal!==undefined) window.RS_MODULES.checkMinimal()}\n\t\t\t\t<\/script>\n\t\t\t<\/rs-module-wrap>\n\t\t\t<!-- END REVOLUTION SLIDER -->\n[\/vc_column][\/vc_row]<\/p>\n<\/div>","protected":false},"excerpt":{"rendered":"<p>[vc_row row_type=&#8221;row&#8221; use_row_as_full_screen_section=&#8221;no&#8221; type=&#8221;full_width&#8221; text_align=&#8221;left&#8221; background_animation=&#8221;none&#8221; css_animation=&#8221;&#8221; css=&#8221;.vc_custom_1608721220246{padding-top: 50px !important;}&#8221;][vc_column][vc_empty_space][vc_column_text] Talk to us visit our luxury villas, call: +351 919 311 514 Our mission is to build houses with the highest standards of quality, luxury and sophistication. We want to be a national reference in&#8230;<\/p>\n","protected":false},"author":1,"featured_media":0,"parent":0,"menu_order":0,"comment_status":"closed","ping_status":"closed","template":"","meta":{"footnotes":""},"class_list":["post-957","page","type-page","status-publish","hentry"],"_links":{"self":[{"href":"https:\/\/construcoespadrao.pt\/en\/wp-json\/wp\/v2\/pages\/957","targetHints":{"allow":["GET"]}}],"collection":[{"href":"https:\/\/construcoespadrao.pt\/en\/wp-json\/wp\/v2\/pages"}],"about":[{"href":"https:\/\/construcoespadrao.pt\/en\/wp-json\/wp\/v2\/types\/page"}],"author":[{"embeddable":true,"href":"https:\/\/construcoespadrao.pt\/en\/wp-json\/wp\/v2\/users\/1"}],"replies":[{"embeddable":true,"href":"https:\/\/construcoespadrao.pt\/en\/wp-json\/wp\/v2\/comments?post=957"}],"version-history":[{"count":19,"href":"https:\/\/construcoespadrao.pt\/en\/wp-json\/wp\/v2\/pages\/957\/revisions"}],"predecessor-version":[{"id":1547,"href":"https:\/\/construcoespadrao.pt\/en\/wp-json\/wp\/v2\/pages\/957\/revisions\/1547"}],"wp:attachment":[{"href":"https:\/\/construcoespadrao.pt\/en\/wp-json\/wp\/v2\/media?parent=957"}],"curies":[{"name":"wp","href":"https:\/\/api.w.org\/{rel}","templated":true}]}}