{"id":1080,"date":"2020-10-14T15:28:23","date_gmt":"2020-10-14T15:28:23","guid":{"rendered":"https:\/\/construcoespadrao.pt\/contact-us\/"},"modified":"2020-11-05T12:00:16","modified_gmt":"2020-11-05T12:00:16","slug":"contact-us","status":"publish","type":"page","link":"https:\/\/construcoespadrao.pt\/en\/contact-us\/","title":{"rendered":"Contact us"},"content":{"rendered":"<div class=\"wpb-content-wrapper\"><p>[vc_row row_type=&#8221;row&#8221; use_row_as_full_screen_section=&#8221;no&#8221; type=&#8221;grid&#8221; text_align=&#8221;left&#8221; background_animation=&#8221;none&#8221; css_animation=&#8221;&#8221; css=&#8221;.vc_custom_1604511215586{margin-top: -57px !important;}&#8221;][vc_column width=&#8221;1\/4&#8243;]<span class=\"q_font_awsome_icon q_icon_shortcode normal q_font_awsome_icon_holder fa-lg  \" style=\"color: #ededed; \"data-hover-color=#ffffff ><i class=\"fa fa-phone\"><\/i><\/span>[vc_column_text]<\/p>\n<p style=\"text-align: left;\"><span style=\"color: #ffffff;\">+351 919 311 514<\/span><\/p>\n<p><span style=\"color: #ffffff;\">+351 962 636 842<\/span>[\/vc_column_text][vc_empty_space height=&#8221;50px&#8221;]<span class=\"q_font_awsome_icon q_icon_shortcode normal q_font_awsome_icon_holder fa-lg  \" style=\"color: #ededed; \"data-hover-color=#ffffff ><i class=\"fa fa-envelope\"><\/i><\/span>[vc_column_text]<span style=\"color: #ffffff;\"><a style=\"color: #ffffff;\" href=\"mailto:geral@construcoespadrao.pt\">geral@construcoespadrao.pt<\/a><\/span>[\/vc_column_text][vc_empty_space height=&#8221;50px&#8221;]<span class=\"q_font_awsome_icon q_icon_shortcode normal q_font_awsome_icon_holder fa-lg  \" style=\"color: #ededed; \"data-hover-color=#ffffff ><i class=\"fa fa-skype\"><\/i><\/span>[vc_column_text]<span style=\"color: #ffffff;\">@construcoespadrao<\/span>[\/vc_column_text][vc_empty_space height=&#8221;50px&#8221;]<span class=\"q_font_awsome_icon q_icon_shortcode normal q_font_awsome_icon_holder fa-lg  \" style=\"color: #ededed; \"data-hover-color=#ffffff ><i class=\"fa fa-whatsapp\"><\/i><\/span>[vc_column_text]<span style=\"color: #ffffff;\">+ 351 919 311 514<\/span>[\/vc_column_text][vc_row_inner row_type=&#8221;row&#8221; type=&#8221;full_width&#8221; use_row_as_full_screen_section_slide=&#8221;no&#8221; text_align=&#8221;left&#8221; css_animation=&#8221;&#8221;][vc_column_inner width=&#8221;1\/2&#8243;][vc_empty_space height=&#8221;50px&#8221;]<span class=\"q_font_awsome_icon q_icon_shortcode normal q_font_awsome_icon_holder fa-lg  \" style=\"color: #ededed; \"data-hover-color=#ffffff ><a href=\"https:\/\/www.instagram.com\/construcoespadrao\/\" target=\"_self\"><i class=\"fa fa-instagram\"><\/i><\/a><\/span>[\/vc_column_inner][vc_column_inner width=&#8221;1\/2&#8243;][vc_empty_space height=&#8221;50px&#8221;]<span class=\"q_font_awsome_icon q_icon_shortcode normal q_font_awsome_icon_holder fa-lg  \" style=\"color: #ededed; \"data-hover-color=#ffffff ><a href=\"https:\/\/www.facebook.com\/Constru\u00e7\u00f5es-Padr\u00e3o-103455844882955\" target=\"_self\"><i class=\"fa fa-facebook\"><\/i><\/a><\/span>[\/vc_column_inner][\/vc_row_inner][\/vc_column][vc_column width=&#8221;3\/4&#8243;][vc_empty_space height=&#8221;50px&#8221;]\n<div class=\"wpcf7 no-js\" id=\"wpcf7-f1384-o1\" lang=\"pt-PT\" dir=\"ltr\" data-wpcf7-id=\"1384\">\n<div class=\"screen-reader-response\"><p role=\"status\" aria-live=\"polite\" aria-atomic=\"true\"><\/p> <ul><\/ul><\/div>\n<form action=\"\/en\/wp-json\/wp\/v2\/pages\/1080#wpcf7-f1384-o1\" method=\"post\" class=\"wpcf7-form init default\" aria-label=\"Formul\u00e1rio de contacto\" novalidate=\"novalidate\" data-status=\"init\">\n<fieldset class=\"hidden-fields-container\"><input type=\"hidden\" name=\"_wpcf7\" value=\"1384\" \/><input type=\"hidden\" name=\"_wpcf7_version\" value=\"6.1.5\" \/><input type=\"hidden\" name=\"_wpcf7_locale\" value=\"pt_PT\" \/><input type=\"hidden\" name=\"_wpcf7_unit_tag\" value=\"wpcf7-f1384-o1\" \/><input type=\"hidden\" name=\"_wpcf7_container_post\" value=\"0\" \/><input type=\"hidden\" name=\"_wpcf7_posted_data_hash\" value=\"\" \/><input type=\"hidden\" name=\"_wpcf7_recaptcha_response\" value=\"\" \/>\n<\/fieldset>\n<p><label><span class=\"wpcf7-form-control-wrap\" data-name=\"your-name\"><input size=\"40\" maxlength=\"400\" class=\"wpcf7-form-control wpcf7-text wpcf7-validates-as-required\" aria-required=\"true\" aria-invalid=\"false\" placeholder=\"Name\" value=\"\" type=\"text\" name=\"your-name\" \/><\/span> <\/label>\n<\/p>\n<p><label> <span class=\"wpcf7-form-control-wrap\" data-name=\"your-email\"><input size=\"40\" maxlength=\"400\" class=\"wpcf7-form-control wpcf7-email wpcf7-validates-as-required wpcf7-text wpcf7-validates-as-email\" aria-required=\"true\" aria-invalid=\"false\" placeholder=\"Email\" value=\"\" type=\"email\" name=\"your-email\" \/><\/span> <\/label>\n<\/p>\n<p><label> <span class=\"wpcf7-form-control-wrap\" data-name=\"your-subject\"><input size=\"40\" maxlength=\"400\" class=\"wpcf7-form-control wpcf7-text\" aria-invalid=\"false\" placeholder=\"Subject\" value=\"\" type=\"text\" name=\"your-subject\" \/><\/span> <\/label>\n<\/p>\n<p><label> <span class=\"wpcf7-form-control-wrap\" data-name=\"your-message\"><textarea cols=\"40\" rows=\"10\" maxlength=\"2000\" class=\"wpcf7-form-control wpcf7-textarea\" aria-invalid=\"false\" placeholder=\"Message\" name=\"your-message\"><\/textarea><\/span> <\/label>\n<\/p>\n<p><input class=\"wpcf7-form-control wpcf7-submit has-spinner button\" type=\"submit\" value=\"Send\" \/>\n<\/p><p style=\"display: none !important;\" class=\"akismet-fields-container\" data-prefix=\"_wpcf7_ak_\"><label>&#916;<textarea name=\"_wpcf7_ak_hp_textarea\" cols=\"45\" rows=\"8\" maxlength=\"100\"><\/textarea><\/label><input type=\"hidden\" id=\"ak_js_1\" name=\"_wpcf7_ak_js\" value=\"190\"\/><script>document.getElementById( \"ak_js_1\" ).setAttribute( \"value\", ( new Date() ).getTime() );<\/script><\/p><div class=\"wpcf7-response-output\" aria-hidden=\"true\"><\/div>\n<\/form>\n<\/div>\n[\/vc_column][\/vc_row][vc_row row_type=&#8221;row&#8221; use_row_as_full_screen_section=&#8221;no&#8221; type=&#8221;full_width&#8221; text_align=&#8221;left&#8221; background_animation=&#8221;none&#8221; css_animation=&#8221;&#8221;][vc_column][vc_empty_space height=&#8221;100px&#8221;][vc_empty_space height=&#8221;100px&#8221;][\/vc_column][\/vc_row]<\/p>\n<\/div>","protected":false},"excerpt":{"rendered":"<p>[vc_row row_type=&#8221;row&#8221; use_row_as_full_screen_section=&#8221;no&#8221; type=&#8221;grid&#8221; text_align=&#8221;left&#8221; background_animation=&#8221;none&#8221; css_animation=&#8221;&#8221; css=&#8221;.vc_custom_1604511215586{margin-top: -57px !important;}&#8221;][vc_column width=&#8221;1\/4&#8243;][vc_column_text] +351 919 311 514 +351 962 636 842[\/vc_column_text][vc_empty_space height=&#8221;50px&#8221;][vc_column_text]geral@construcoespadrao.pt[\/vc_column_text][vc_empty_space height=&#8221;50px&#8221;][vc_column_text]@construcoespadrao[\/vc_column_text][vc_empty_space height=&#8221;50px&#8221;][vc_column_text]+ 351 919 311 514[\/vc_column_text][vc_row_inner row_type=&#8221;row&#8221; type=&#8221;full_width&#8221; use_row_as_full_screen_section_slide=&#8221;no&#8221; text_align=&#8221;left&#8221; css_animation=&#8221;&#8221;][vc_column_inner width=&#8221;1\/2&#8243;][vc_empty_space height=&#8221;50px&#8221;][\/vc_column_inner][vc_column_inner width=&#8221;1\/2&#8243;][vc_empty_space height=&#8221;50px&#8221;][\/vc_column_inner][\/vc_row_inner][\/vc_column][vc_column width=&#8221;3\/4&#8243;][vc_empty_space height=&#8221;50px&#8221;][\/vc_column][\/vc_row][vc_row row_type=&#8221;row&#8221; use_row_as_full_screen_section=&#8221;no&#8221; type=&#8221;full_width&#8221; text_align=&#8221;left&#8221; background_animation=&#8221;none&#8221; css_animation=&#8221;&#8221;][vc_column][vc_empty_space height=&#8221;100px&#8221;][vc_empty_space height=&#8221;100px&#8221;][\/vc_column][\/vc_row]<\/p>\n","protected":false},"author":1,"featured_media":0,"parent":0,"menu_order":0,"comment_status":"closed","ping_status":"open","template":"full_width.php","meta":{"footnotes":""},"class_list":["post-1080","page","type-page","status-publish","hentry"],"_links":{"self":[{"href":"https:\/\/construcoespadrao.pt\/en\/wp-json\/wp\/v2\/pages\/1080","targetHints":{"allow":["GET"]}}],"collection":[{"href":"https:\/\/construcoespadrao.pt\/en\/wp-json\/wp\/v2\/pages"}],"about":[{"href":"https:\/\/construcoespadrao.pt\/en\/wp-json\/wp\/v2\/types\/page"}],"author":[{"embeddable":true,"href":"https:\/\/construcoespadrao.pt\/en\/wp-json\/wp\/v2\/users\/1"}],"replies":[{"embeddable":true,"href":"https:\/\/construcoespadrao.pt\/en\/wp-json\/wp\/v2\/comments?post=1080"}],"version-history":[{"count":14,"href":"https:\/\/construcoespadrao.pt\/en\/wp-json\/wp\/v2\/pages\/1080\/revisions"}],"predecessor-version":[{"id":1387,"href":"https:\/\/construcoespadrao.pt\/en\/wp-json\/wp\/v2\/pages\/1080\/revisions\/1387"}],"wp:attachment":[{"href":"https:\/\/construcoespadrao.pt\/en\/wp-json\/wp\/v2\/media?parent=1080"}],"curies":[{"name":"wp","href":"https:\/\/api.w.org\/{rel}","templated":true}]}}